{"id":7069,"date":"2024-04-30T07:00:36","date_gmt":"2024-04-30T07:00:36","guid":{"rendered":"https:\/\/granit-stone.md\/?page_id=7069"},"modified":"2025-02-01T11:43:32","modified_gmt":"2025-02-01T11:43:32","slug":"granitnye-stoleshnicy","status":"publish","type":"page","link":"https:\/\/granit-stone.md\/ro\/granitnye-stoleshnicy\/","title":{"rendered":"Blaturi din granit"},"content":{"rendered":"<div class=\"wp-block-stackable-heading stk-block-heading stk-block-heading--v2 stk-block stk-h3ca7k4\" id=\"strong-\u0441\u0442\u043e\u043b\u0435\u0448\u043d\u0438\u0446\u0430-\u0438\u0437-\u0433\u0440\u0430\u043d\u0438\u0442\u0430-\u043f\u043b\u044e\u0441\u044b-strong\" data-block-id=\"h3ca7k4\"><style>.stk-h3ca7k4 .stk-block-heading__bottom-line{background-color:var(--theme-palette-color-1,#6f5740) !important}<\/style><h3 class=\"stk-block-heading__text has-text-align-left\"><strong>Blaturi din granit. Avantaje<\/strong><\/h3><div class=\"stk-block-heading__bottom-line\"><\/div><\/div>\r\n\r\n\r\n\r\n<div class=\"wp-block-stackable-icon-list stk-block-icon-list stk-block stk-maa2y4u\" data-block-id=\"maa2y4u\"><svg style=\"display:none\"><defs><g id=\"stk-icon-list__icon-svg-def-maa2y4u\"><svg xmlns=\"http:\/\/www.w3.org\/2000\/svg\" viewBox=\"0 0 190 190\"><polygon points=\"173.8,28.4 60.4,141.8 15.7,97.2 5.1,107.8 60.4,163 184.4,39 173.8,28.4\"\/><\/svg><\/g><\/defs><\/svg><ul class=\"stk-block-icon-list__ul stk-block-icon-list--column\">\r\n<li class=\"wp-block-stackable-icon-list-item stk-block-icon-list-item stk-block stk-c653s4i\" data-block-id=\"c653s4i\"><div class=\"stk-block-icon-list-item__content\"><span class=\"stk--svg-wrapper\"><div class=\"stk--inner-svg\"><svg aria-hidden=\"true\" width=\"32\" height=\"32\"><use xlink:href=\"#stk-icon-list__icon-svg-def-maa2y4u\"><\/use><\/svg><\/div><\/span><span class=\"stk-block-icon-list-item__text\"><span style=\"color: var(--theme-palette-color-4, #020404);\" class=\"stk-highlight\">Nu poate fi t\u0103iat cu un cu\u021bit<\/span><\/span><\/div><\/li>\r\n\r\n\r\n\r\n<li class=\"wp-block-stackable-icon-list-item stk-block-icon-list-item stk-block stk-67dtow7\" data-block-id=\"67dtow7\"><div class=\"stk-block-icon-list-item__content\"><span class=\"stk--svg-wrapper\"><div class=\"stk--inner-svg\"><svg aria-hidden=\"true\" width=\"32\" height=\"32\"><use xlink:href=\"#stk-icon-list__icon-svg-def-maa2y4u\"><\/use><\/svg><\/div><\/span><span class=\"stk-block-icon-list-item__text\"><span style=\"color: var(--theme-palette-color-4, #020404);\" class=\"stk-highlight\">U\u0219or de sp\u0103lat<\/span><\/span><\/div><\/li>\r\n\r\n\r\n\r\n<li class=\"wp-block-stackable-icon-list-item stk-block-icon-list-item stk-block stk-dcuslsp\" data-block-id=\"dcuslsp\"><div class=\"stk-block-icon-list-item__content\"><span class=\"stk--svg-wrapper\"><div class=\"stk--inner-svg\"><svg aria-hidden=\"true\" width=\"32\" height=\"32\"><use xlink:href=\"#stk-icon-list__icon-svg-def-maa2y4u\"><\/use><\/svg><\/div><\/span><span class=\"stk-block-icon-list-item__text\"><span style=\"color: var(--theme-palette-color-4, #020404);\" class=\"stk-highlight\">Nu se stric\u0103 de la c\u0103ldur\u0103 \u0219i ap\u0103<\/span><\/span><\/div><\/li>\r\n\r\n\r\n\r\n<li class=\"wp-block-stackable-icon-list-item stk-block-icon-list-item stk-block stk-283q7pl\" data-block-id=\"283q7pl\"><div class=\"stk-block-icon-list-item__content\"><span class=\"stk--svg-wrapper\"><div class=\"stk--inner-svg\"><svg aria-hidden=\"true\" width=\"32\" height=\"32\"><use xlink:href=\"#stk-icon-list__icon-svg-def-maa2y4u\"><\/use><\/svg><\/div><\/span><span class=\"stk-block-icon-list-item__text\"><span style=\"color: var(--theme-palette-color-4, #020404);\" class=\"stk-highlight\">Aspect frumos<\/span><\/span><\/div><\/li>\r\n\r\n\r\n\r\n<li class=\"wp-block-stackable-icon-list-item stk-block-icon-list-item stk-block stk-9pkn1qz\" data-block-id=\"9pkn1qz\"><div class=\"stk-block-icon-list-item__content\"><span class=\"stk--svg-wrapper\"><div class=\"stk--inner-svg\"><svg aria-hidden=\"true\" width=\"32\" height=\"32\"><use xlink:href=\"#stk-icon-list__icon-svg-def-maa2y4u\"><\/use><\/svg><\/div><\/span><span class=\"stk-block-icon-list-item__text\"><span style=\"color: var(--theme-palette-color-4, #020404);\" class=\"stk-highlight\">Fiabilitate dovedit\u0103 de timp<\/span><\/span><\/div><\/li>\r\n\r\n\r\n\r\n<li class=\"wp-block-stackable-icon-list-item stk-block-icon-list-item stk-block stk-aix5u1w\" data-block-id=\"aix5u1w\"><div class=\"stk-block-icon-list-item__content\"><span class=\"stk--svg-wrapper\"><div class=\"stk--inner-svg\"><svg aria-hidden=\"true\" width=\"32\" height=\"32\"><use xlink:href=\"#stk-icon-list__icon-svg-def-maa2y4u\"><\/use><\/svg><\/div><\/span><span class=\"stk-block-icon-list-item__text\"><span style=\"color: #000000;\" class=\"stk-highlight\">Nu absoarbe mirosul<\/span><\/span><\/div><\/li>\r\n<\/ul><\/div>\r\n\r\n\r\n\r\n<p><span style=\"color: var(--theme-palette-color-4, #020404);\" class=\"stk-highlight\">Principalul avantaj al blaturilor din granit este rezisten\u021ba lor ridicat\u0103 \u0219i rezisten\u021ba sc\u0103zut\u0103 la uzur\u0103. \u00cen aceste privin\u021be, granitul este superior marmurei \u0219i inferior, poate, doar diamantului sau corindonului. Materialul nu se teme de impacturile mecanice. Pute\u021bi t\u0103ia \u00een siguran\u021b\u0103 alimentele pe suprafa\u021ba sa: cu\u021bitul nu va l\u0103sa urme, t\u0103ieturi sau zg\u00e2rieturi pe ea.<\/span><\/p>\r\n\r\n\r\n\r\n<p><span style=\"color: #000000;\" class=\"stk-highlight\">Blaturile din granit nu se deformeaz\u0103 sub influen\u021ba temperaturilor sc\u0103zute \u0219i ridicate, nu absorb umezeala, nu zg\u00e2rie sau ciobi &#8211; astfel de caracteristici fac posibil\u0103 utilizarea lor \u00een aer liber, de exemplu, pentru a dota o zon\u0103 de gr\u0103tar. Varietatea de nuan\u021be de piatr\u0103 v\u0103 permite s\u0103 crea\u021bi un produs care se armonizeaz\u0103 perfect cu peisajul din jur.<\/span><\/p>\r\n\r\n\r\n\r\n<div class=\"wp-block-stackable-heading stk-block-heading stk-block-heading--v2 stk-block stk-ueqyot1\" id=\"strong-strong-\u0443\u0445\u043e\u0434-\u0437\u0430-\u0441\u0442\u043e\u043b\u0435\u0448\u043d\u0438\u0446\u0430\u043c\u0438-\u0438\u0437-\u0433\u0440\u0430\u043d\u0438\u0442\u0430-strong-strong\" data-block-id=\"ueqyot1\"><style>.stk-ueqyot1 .stk-block-heading__bottom-line{background-color:var(--theme-palette-color-1,#6f5740) !important}<\/style><h3 class=\"stk-block-heading__text has-text-align-left\"><strong><strong>\u00cengrijirea blaturilor din granit<\/strong><\/strong><\/h3><div class=\"stk-block-heading__bottom-line\"><\/div><\/div>\r\n\r\n\r\n\r\n<div class=\"wp-block-stackable-icon-list stk-block-icon-list stk-block stk-ltbzw6h\" data-block-id=\"ltbzw6h\"><svg style=\"display:none\"><defs><g id=\"stk-icon-list__icon-svg-def-ltbzw6h\"><svg xmlns=\"http:\/\/www.w3.org\/2000\/svg\" viewBox=\"0 0 190 190\"><polygon points=\"173.8,28.4 60.4,141.8 15.7,97.2 5.1,107.8 60.4,163 184.4,39 173.8,28.4\"\/><\/svg><\/g><\/defs><\/svg><ul class=\"stk-block-icon-list__ul stk-block-icon-list--column\">\r\n<li class=\"wp-block-stackable-icon-list-item stk-block-icon-list-item stk-block stk-xth4bfd\" data-block-id=\"xth4bfd\"><div class=\"stk-block-icon-list-item__content\"><span class=\"stk--svg-wrapper\"><div class=\"stk--inner-svg\"><svg aria-hidden=\"true\" width=\"32\" height=\"32\"><use xlink:href=\"#stk-icon-list__icon-svg-def-ltbzw6h\"><\/use><\/svg><\/div><\/span><span class=\"stk-block-icon-list-item__text\"><span style=\"color: #000000;\" class=\"stk-highlight\">\u0218terge\u021bi numai cu o c\u00e2rp\u0103 moale \u0219i umed\u0103;<\/span><\/span><\/div><\/li>\r\n\r\n\r\n\r\n<li class=\"wp-block-stackable-icon-list-item stk-block-icon-list-item stk-block stk-antisrm\" data-block-id=\"antisrm\"><div class=\"stk-block-icon-list-item__content\"><span class=\"stk--svg-wrapper\"><div class=\"stk--inner-svg\"><svg aria-hidden=\"true\" width=\"32\" height=\"32\"><use xlink:href=\"#stk-icon-list__icon-svg-def-ltbzw6h\"><\/use><\/svg><\/div><\/span><span class=\"stk-block-icon-list-item__text\"><span style=\"color: #000000;\" class=\"stk-highlight\">Nu \u0219terge\u021bi uscat sau cu obiecte dure, rigide.;<\/span><\/span><\/div><\/li>\r\n\r\n\r\n\r\n<li class=\"wp-block-stackable-icon-list-item stk-block-icon-list-item stk-block stk-a7eq6ys\" data-block-id=\"a7eq6ys\"><div class=\"stk-block-icon-list-item__content\"><span class=\"stk--svg-wrapper\"><div class=\"stk--inner-svg\"><svg aria-hidden=\"true\" width=\"32\" height=\"32\"><use xlink:href=\"#stk-icon-list__icon-svg-def-ltbzw6h\"><\/use><\/svg><\/div><\/span><span class=\"stk-block-icon-list-item__text\"><span style=\"color: #000000;\" class=\"stk-highlight\">A se p\u0103stra departe de alcalii \u0219i substan\u021be foarte acide (gr\u0103simi, o\u021bet, acid citric etc.);<\/span><\/span><\/div><\/li>\r\n\r\n\r\n\r\n<li class=\"wp-block-stackable-icon-list-item stk-block-icon-list-item stk-block stk-qfa42ew\" data-block-id=\"qfa42ew\"><div class=\"stk-block-icon-list-item__content\"><span class=\"stk--svg-wrapper\"><div class=\"stk--inner-svg\"><svg aria-hidden=\"true\" width=\"32\" height=\"32\"><use xlink:href=\"#stk-icon-list__icon-svg-def-ltbzw6h\"><\/use><\/svg><\/div><\/span><span class=\"stk-block-icon-list-item__text\"><span style=\"color: #000000;\" class=\"stk-highlight\">Petele trebuie \u00eendep\u0103rtate pe m\u0103sur\u0103 ce apar. Urm\u0103toarea metod\u0103 ajut\u0103 la eliminarea petelor de pe blaturile de granit. Mai \u00eent\u00e2i, \u00eenmuia\u021bi pata \u00een ap\u0103 fierbinte pentru c\u00e2teva minute, apoi \u00eendep\u0103rta\u021bi excesul de ap\u0103 \u0219i acoperi\u021bi pata cu prosoape de h\u00e2rtie \u00eenmuiate. ap\u0103 fierbinte. Stratul de \u0219erve\u021bele trebuie s\u0103 fie de cel pu\u021bin 5 mm, deasupra acestora trebuie s\u0103 se a\u0219eze o folie de plastic \u0219i s\u0103 fie presat\u0103 cu o greutate plat\u0103. Este recomandabil s\u0103 l\u0103sa\u021bi o astfel de \u201estructur\u0103\u201d peste noapte, de aceast\u0103 dat\u0103 va fi suficient pentru ca \u0219erve\u021belele s\u0103 absoarb\u0103 particulele de murd\u0103rie care au fost absorbite \u00een piatr\u0103. Dac\u0103 apa fierbinte \u00eenc\u0103 nu reu\u0219e\u0219te s\u0103 \u00eendep\u0103rteze pata, atunci ar trebui s\u0103 se foloseasc\u0103 aceton\u0103 rece.;<\/span><\/span><\/div><\/li>\r\n\r\n\r\n\r\n<li class=\"wp-block-stackable-icon-list-item stk-block-icon-list-item stk-block stk-gqvwuom\" data-block-id=\"gqvwuom\"><div class=\"stk-block-icon-list-item__content\"><span class=\"stk--svg-wrapper\"><div class=\"stk--inner-svg\"><svg aria-hidden=\"true\" width=\"32\" height=\"32\"><use xlink:href=\"#stk-icon-list__icon-svg-def-ltbzw6h\"><\/use><\/svg><\/div><\/span><span class=\"stk-block-icon-list-item__text\"><span style=\"color: #000000;\" class=\"stk-highlight\">Blatul mesei trebuie \u021binut departe de obiecte metalice, deoarece contactul va provoca cr\u0103p\u0103turi;<\/span><\/span><\/div><\/li>\r\n\r\n\r\n\r\n<li class=\"wp-block-stackable-icon-list-item stk-block-icon-list-item stk-block stk-2low5gy\" data-block-id=\"2low5gy\"><div class=\"stk-block-icon-list-item__content\"><span class=\"stk--svg-wrapper\"><div class=\"stk--inner-svg\"><svg aria-hidden=\"true\" width=\"32\" height=\"32\"><use xlink:href=\"#stk-icon-list__icon-svg-def-ltbzw6h\"><\/use><\/svg><\/div><\/span><span class=\"stk-block-icon-list-item__text\"><span style=\"color: #000000;\" class=\"stk-highlight\">Nu sta\u021bi pe suprafa\u021ba de lucru;<\/span><\/span><\/div><\/li>\r\n\r\n\r\n\r\n<li class=\"wp-block-stackable-icon-list-item stk-block-icon-list-item stk-block stk-5gktu0v\" data-block-id=\"5gktu0v\"><div class=\"stk-block-icon-list-item__content\"><span class=\"stk--svg-wrapper\"><div class=\"stk--inner-svg\"><svg aria-hidden=\"true\" width=\"32\" height=\"32\"><use xlink:href=\"#stk-icon-list__icon-svg-def-ltbzw6h\"><\/use><\/svg><\/div><\/span><span class=\"stk-block-icon-list-item__text\"><span style=\"color: #000000;\" class=\"stk-highlight\">Dup\u0103 cur\u0103\u021barea umed\u0103, \u0219terge\u021bi produsul de granit cu o c\u00e2rp\u0103 uscat\u0103.<\/span><\/span><\/div><\/li>\r\n<\/ul><\/div>\r\n\r\n\r\n\r\n<div class=\"wp-block-stackable-heading stk-block-heading stk-block-heading--v2 stk-block stk-0ymigzm\" id=\"strong-strong-strong-\u0437\u0430\u043a\u0430\u0437\u0430\u0442\u044c-\u0441\u0442\u043e\u043b\u0435\u0448\u043d\u0438\u0446\u0443-\u0438\u0437-\u0433\u0440\u0430\u043d\u0438\u0442\u0430-\u0432-\u0431\u0435\u043b\u044c\u0446\u0430\u0445-strong-strong-strong\" data-block-id=\"0ymigzm\"><style>.stk-0ymigzm .stk-block-heading__bottom-line{background-color:var(--theme-palette-color-1,#6f5740) !important}<\/style><h3 class=\"stk-block-heading__text has-text-align-left\"><strong><strong><strong>Comanda\u021bi un blat de granit \u00een B\u0103l\u021bi<\/strong><\/strong><\/strong><\/h3><div class=\"stk-block-heading__bottom-line\"><\/div><\/div>\r\n\r\n\r\n\r\n<div class=\"wp-block-stackable-text stk-block-text stk-block stk-yacdipg\" data-block-id=\"yacdipg\"><p class=\"stk-block-text__text\"><span style=\"color: #000000;\" class=\"stk-highlight\">La compania \u201c<strong><a href=\"https:\/\/granit-stone.md\/about\/\">GRANIT &#8211; STONE<\/a><\/strong>\u201dpute\u021bi comanda un blat din granit de form\u0103 rotund\u0103, dreptunghiular\u0103, oval\u0103 sau asimetric\u0103. Le producem f\u0103r\u0103 sudur\u0103. Pute\u021bi ob\u021bine mai multe informa\u021bii despre pre\u021buri \u0219i pute\u021bi ob\u021bine o consulta\u021bie de specialitate prin telefon <a href=\"tel:+37369102770\">+373(691) 02 770<\/a><\/span><\/p><\/div>","protected":false},"excerpt":{"rendered":"<p>Blaturi din granit. Avantaje Principalul avantaj al blaturilor din granit este rezisten\u021ba lor ridicat\u0103 \u0219i rezisten\u021ba sc\u0103zut\u0103 la uzur\u0103. \u00cen aceste privin\u021be, granitul este superior marmurei \u0219i inferior, poate, doar diamantului sau corindonului. Materialul nu se teme de impacturile mecanice. Pute\u021bi t\u0103ia \u00een siguran\u021b\u0103 alimentele pe suprafa\u021ba sa: cu\u021bitul nu va l\u0103sa urme, t\u0103ieturi sau [&hellip;]<\/p>\n","protected":false},"author":1,"featured_media":0,"parent":0,"menu_order":0,"comment_status":"closed","ping_status":"closed","template":"","meta":{"footnotes":""},"class_list":["post-7069","page","type-page","status-publish","hentry"],"blocksy_meta":{"page_structure_type":"type-4","styles_descriptor":{"styles":{"desktop":"","tablet":"","mobile":""},"google_fonts":[],"version":6}},"yoast_head":"<!-- This site is optimized with the Yoast SEO plugin v27.4 - https:\/\/yoast.com\/product\/yoast-seo-wordpress\/ -->\n<title>Blaturi din granit - GRANIT-STONE<\/title>\n<meta name=\"robots\" content=\"index, follow, max-snippet:-1, max-image-preview:large, max-video-preview:-1\" \/>\n<link rel=\"canonical\" href=\"https:\/\/granit-stone.md\/granitnye-stoleshnicy\/\" \/>\n<meta property=\"og:locale\" content=\"ro_RO\" \/>\n<meta property=\"og:type\" content=\"article\" \/>\n<meta property=\"og:title\" content=\"[:ru]\u0413\u0440\u0430\u043d\u0438\u0442\u043d\u044b\u0435 \u0441\u0442\u043e\u043b\u0435\u0448\u043d\u0438\u0446\u044b[:ro]Blaturi din granit[:] - GRANIT-STONE\" \/>\n<meta property=\"og:description\" content=\"Blaturi din granit. Avantaje Principalul avantaj al blaturilor din granit este rezisten\u021ba lor ridicat\u0103 \u0219i rezisten\u021ba sc\u0103zut\u0103 la uzur\u0103. \u00cen aceste privin\u021be, granitul este superior marmurei \u0219i inferior, poate, doar diamantului sau corindonului. Materialul nu se teme de impacturile mecanice. Pute\u021bi t\u0103ia \u00een siguran\u021b\u0103 alimentele pe suprafa\u021ba sa: cu\u021bitul nu va l\u0103sa urme, t\u0103ieturi sau [&hellip;]\" \/>\n<meta property=\"og:url\" content=\"https:\/\/granit-stone.md\/granitnye-stoleshnicy\/\" \/>\n<meta property=\"og:site_name\" content=\"GRANIT-STONE\" \/>\n<meta property=\"article:modified_time\" content=\"2025-02-01T11:43:32+00:00\" \/>\n<meta name=\"twitter:card\" content=\"summary_large_image\" \/>\n<meta name=\"twitter:label1\" content=\"Timp estimat pentru citire\" \/>\n\t<meta name=\"twitter:data1\" content=\"4 minute\" \/>\n<script type=\"application\/ld+json\" class=\"yoast-schema-graph\">{\"@context\":\"https:\\\/\\\/schema.org\",\"@graph\":[{\"@type\":\"WebPage\",\"@id\":\"https:\\\/\\\/granit-stone.md\\\/granitnye-stoleshnicy\\\/\",\"url\":\"https:\\\/\\\/granit-stone.md\\\/granitnye-stoleshnicy\\\/\",\"name\":\"[:ru]\u0413\u0440\u0430\u043d\u0438\u0442\u043d\u044b\u0435 \u0441\u0442\u043e\u043b\u0435\u0448\u043d\u0438\u0446\u044b[:ro]Blaturi din granit[:] - GRANIT-STONE\",\"isPartOf\":{\"@id\":\"https:\\\/\\\/granit-stone.md\\\/#website\"},\"datePublished\":\"2024-04-30T07:00:36+00:00\",\"dateModified\":\"2025-02-01T11:43:32+00:00\",\"breadcrumb\":{\"@id\":\"https:\\\/\\\/granit-stone.md\\\/granitnye-stoleshnicy\\\/#breadcrumb\"},\"inLanguage\":\"ro-RO\",\"potentialAction\":[{\"@type\":\"ReadAction\",\"target\":[\"https:\\\/\\\/granit-stone.md\\\/granitnye-stoleshnicy\\\/\"]}]},{\"@type\":\"BreadcrumbList\",\"@id\":\"https:\\\/\\\/granit-stone.md\\\/granitnye-stoleshnicy\\\/#breadcrumb\",\"itemListElement\":[{\"@type\":\"ListItem\",\"position\":1,\"name\":\"\u0413\u043b\u0430\u0432\u043d\u0430\u044f \u0441\u0442\u0440\u0430\u043d\u0438\u0446\u0430\",\"item\":\"https:\\\/\\\/granit-stone.md\\\/\"},{\"@type\":\"ListItem\",\"position\":2,\"name\":\"\u0413\u0440\u0430\u043d\u0438\u0442\u043d\u044b\u0435 \u0441\u0442\u043e\u043b\u0435\u0448\u043d\u0438\u0446\u044b\"}]},{\"@type\":\"WebSite\",\"@id\":\"https:\\\/\\\/granit-stone.md\\\/#website\",\"url\":\"https:\\\/\\\/granit-stone.md\\\/\",\"name\":\"GRANIT-STONE\",\"description\":\"\u0418\u0437\u0433\u043e\u0442\u043e\u0432\u043b\u0435\u043d\u0438\u0435 \u0438 \u041c\u043e\u043d\u0442\u0430\u0436 \u0418\u0437\u0434\u0435\u043b\u0438\u0439 \u0438\u0437 \u041d\u0430\u0442\u0443\u0440\u0430\u043b\u044c\u043d\u043e\u0433\u043e \u041a\u0430\u043c\u043d\u044f\",\"publisher\":{\"@id\":\"https:\\\/\\\/granit-stone.md\\\/#organization\"},\"potentialAction\":[{\"@type\":\"SearchAction\",\"target\":{\"@type\":\"EntryPoint\",\"urlTemplate\":\"https:\\\/\\\/granit-stone.md\\\/?s={search_term_string}\"},\"query-input\":{\"@type\":\"PropertyValueSpecification\",\"valueRequired\":true,\"valueName\":\"search_term_string\"}}],\"inLanguage\":\"ro-RO\"},{\"@type\":\"Organization\",\"@id\":\"https:\\\/\\\/granit-stone.md\\\/#organization\",\"name\":\"GRANIT-STONE\",\"url\":\"https:\\\/\\\/granit-stone.md\\\/\",\"logo\":{\"@type\":\"ImageObject\",\"inLanguage\":\"ro-RO\",\"@id\":\"https:\\\/\\\/granit-stone.md\\\/#\\\/schema\\\/logo\\\/image\\\/\",\"url\":\"https:\\\/\\\/granit-stone.md\\\/wp-content\\\/uploads\\\/2024\\\/05\\\/logo_black.png\",\"contentUrl\":\"https:\\\/\\\/granit-stone.md\\\/wp-content\\\/uploads\\\/2024\\\/05\\\/logo_black.png\",\"width\":738,\"height\":360,\"caption\":\"GRANIT-STONE\"},\"image\":{\"@id\":\"https:\\\/\\\/granit-stone.md\\\/#\\\/schema\\\/logo\\\/image\\\/\"}}]}<\/script>\n<!-- \/ Yoast SEO plugin. -->","yoast_head_json":{"title":"[:ru]\u0413\u0440\u0430\u043d\u0438\u0442\u043d\u044b\u0435 \u0441\u0442\u043e\u043b\u0435\u0448\u043d\u0438\u0446\u044b[:ro]Blaturi din granit[:] - GRANIT-STONE","robots":{"index":"index","follow":"follow","max-snippet":"max-snippet:-1","max-image-preview":"max-image-preview:large","max-video-preview":"max-video-preview:-1"},"canonical":"https:\/\/granit-stone.md\/granitnye-stoleshnicy\/","og_locale":"ro_RO","og_type":"article","og_title":"[:ru]\u0413\u0440\u0430\u043d\u0438\u0442\u043d\u044b\u0435 \u0441\u0442\u043e\u043b\u0435\u0448\u043d\u0438\u0446\u044b[:ro]Blaturi din granit[:] - GRANIT-STONE","og_description":"Blaturi din granit. Avantaje Principalul avantaj al blaturilor din granit este rezisten\u021ba lor ridicat\u0103 \u0219i rezisten\u021ba sc\u0103zut\u0103 la uzur\u0103. \u00cen aceste privin\u021be, granitul este superior marmurei \u0219i inferior, poate, doar diamantului sau corindonului. Materialul nu se teme de impacturile mecanice. Pute\u021bi t\u0103ia \u00een siguran\u021b\u0103 alimentele pe suprafa\u021ba sa: cu\u021bitul nu va l\u0103sa urme, t\u0103ieturi sau [&hellip;]","og_url":"https:\/\/granit-stone.md\/granitnye-stoleshnicy\/","og_site_name":"GRANIT-STONE","article_modified_time":"2025-02-01T11:43:32+00:00","twitter_card":"summary_large_image","twitter_misc":{"Timp estimat pentru citire":"4 minute"},"schema":{"@context":"https:\/\/schema.org","@graph":[{"@type":"WebPage","@id":"https:\/\/granit-stone.md\/granitnye-stoleshnicy\/","url":"https:\/\/granit-stone.md\/granitnye-stoleshnicy\/","name":"[:ru]\u0413\u0440\u0430\u043d\u0438\u0442\u043d\u044b\u0435 \u0441\u0442\u043e\u043b\u0435\u0448\u043d\u0438\u0446\u044b[:ro]Blaturi din granit[:] - GRANIT-STONE","isPartOf":{"@id":"https:\/\/granit-stone.md\/#website"},"datePublished":"2024-04-30T07:00:36+00:00","dateModified":"2025-02-01T11:43:32+00:00","breadcrumb":{"@id":"https:\/\/granit-stone.md\/granitnye-stoleshnicy\/#breadcrumb"},"inLanguage":"ro-RO","potentialAction":[{"@type":"ReadAction","target":["https:\/\/granit-stone.md\/granitnye-stoleshnicy\/"]}]},{"@type":"BreadcrumbList","@id":"https:\/\/granit-stone.md\/granitnye-stoleshnicy\/#breadcrumb","itemListElement":[{"@type":"ListItem","position":1,"name":"\u0413\u043b\u0430\u0432\u043d\u0430\u044f \u0441\u0442\u0440\u0430\u043d\u0438\u0446\u0430","item":"https:\/\/granit-stone.md\/"},{"@type":"ListItem","position":2,"name":"\u0413\u0440\u0430\u043d\u0438\u0442\u043d\u044b\u0435 \u0441\u0442\u043e\u043b\u0435\u0448\u043d\u0438\u0446\u044b"}]},{"@type":"WebSite","@id":"https:\/\/granit-stone.md\/#website","url":"https:\/\/granit-stone.md\/","name":"GRANIT-STONE","description":"\u0418\u0437\u0433\u043e\u0442\u043e\u0432\u043b\u0435\u043d\u0438\u0435 \u0438 \u041c\u043e\u043d\u0442\u0430\u0436 \u0418\u0437\u0434\u0435\u043b\u0438\u0439 \u0438\u0437 \u041d\u0430\u0442\u0443\u0440\u0430\u043b\u044c\u043d\u043e\u0433\u043e \u041a\u0430\u043c\u043d\u044f","publisher":{"@id":"https:\/\/granit-stone.md\/#organization"},"potentialAction":[{"@type":"SearchAction","target":{"@type":"EntryPoint","urlTemplate":"https:\/\/granit-stone.md\/?s={search_term_string}"},"query-input":{"@type":"PropertyValueSpecification","valueRequired":true,"valueName":"search_term_string"}}],"inLanguage":"ro-RO"},{"@type":"Organization","@id":"https:\/\/granit-stone.md\/#organization","name":"GRANIT-STONE","url":"https:\/\/granit-stone.md\/","logo":{"@type":"ImageObject","inLanguage":"ro-RO","@id":"https:\/\/granit-stone.md\/#\/schema\/logo\/image\/","url":"https:\/\/granit-stone.md\/wp-content\/uploads\/2024\/05\/logo_black.png","contentUrl":"https:\/\/granit-stone.md\/wp-content\/uploads\/2024\/05\/logo_black.png","width":738,"height":360,"caption":"GRANIT-STONE"},"image":{"@id":"https:\/\/granit-stone.md\/#\/schema\/logo\/image\/"}}]}},"_links":{"self":[{"href":"https:\/\/granit-stone.md\/ro\/wp-json\/wp\/v2\/pages\/7069","targetHints":{"allow":["GET"]}}],"collection":[{"href":"https:\/\/granit-stone.md\/ro\/wp-json\/wp\/v2\/pages"}],"about":[{"href":"https:\/\/granit-stone.md\/ro\/wp-json\/wp\/v2\/types\/page"}],"author":[{"embeddable":true,"href":"https:\/\/granit-stone.md\/ro\/wp-json\/wp\/v2\/users\/1"}],"replies":[{"embeddable":true,"href":"https:\/\/granit-stone.md\/ro\/wp-json\/wp\/v2\/comments?post=7069"}],"version-history":[{"count":22,"href":"https:\/\/granit-stone.md\/ro\/wp-json\/wp\/v2\/pages\/7069\/revisions"}],"predecessor-version":[{"id":7262,"href":"https:\/\/granit-stone.md\/ro\/wp-json\/wp\/v2\/pages\/7069\/revisions\/7262"}],"wp:attachment":[{"href":"https:\/\/granit-stone.md\/ro\/wp-json\/wp\/v2\/media?parent=7069"}],"curies":[{"name":"wp","href":"https:\/\/api.w.org\/{rel}","templated":true}]}}