{"id":7013,"date":"2024-04-29T12:08:06","date_gmt":"2024-04-29T12:08:06","guid":{"rendered":"https:\/\/granit-stone.md\/?page_id=7013"},"modified":"2025-02-01T12:02:10","modified_gmt":"2025-02-01T12:02:10","slug":"granitnye-stupeni","status":"publish","type":"page","link":"https:\/\/granit-stone.md\/ro\/granitnye-stupeni\/","title":{"rendered":"Trepte de granit"},"content":{"rendered":"<div class=\"wp-block-stackable-heading stk-block-heading stk-block-heading--v2 stk-block stk-bwtmtqv\" id=\"strong-\u0433\u0440\u0430\u043d\u0438\u0442\u043d\u044b\u0435-\u0441\u0442\u0443\u043f\u0435\u043d\u0438-\u0432-\u0431\u0435\u043b\u044c\u0446\u0430\u0445-strong\" data-block-id=\"bwtmtqv\"><style>.stk-bwtmtqv .stk-block-heading__bottom-line{background-color:var(--theme-palette-color-1,#6f5740) !important;margin-left:auto !important;margin-right:auto !important}<\/style><h2 class=\"stk-block-heading__text has-text-align-center\"><strong>Trepte de granit \u00een B\u0103l\u021bi<\/strong><\/h2><div class=\"stk-block-heading__bottom-line\"><\/div><\/div>\r\n\r\n\r\n\r\n<div class=\"wp-block-stackable-columns stk-block-columns stk-block stk-y5792la\" data-block-id=\"y5792la\"><div class=\"stk-row stk-inner-blocks stk-block-content stk-content-align stk-y5792la-column\">\r\n<div class=\"wp-block-stackable-column stk-block-column stk-column stk-block stk-rbmxsez\" data-v=\"4\" data-block-id=\"rbmxsez\"><style>@media screen and (min-width:690px){.stk-rbmxsez{flex:var(--stk-flex-grow,1) 1 calc(15% - var(--stk-column-gap,0px) * 2 \/ 3 ) !important}}<\/style><div class=\"stk-column-wrapper stk-block-column__content stk-container stk-rbmxsez-container stk--no-background stk--no-padding\"><div class=\"stk-block-content stk-inner-blocks stk-rbmxsez-inner-blocks\"><\/div><\/div><\/div>\r\n\r\n\r\n\r\n<div class=\"wp-block-stackable-column stk-block-column stk-column stk-block stk-tnmak6g\" data-v=\"4\" data-block-id=\"tnmak6g\"><style>@media screen and (min-width:690px){.stk-tnmak6g{flex:var(--stk-flex-grow,1) 1 calc(70% - var(--stk-column-gap,0px) * 2 \/ 3 ) !important}}<\/style><div class=\"stk-column-wrapper stk-block-column__content stk-container stk-tnmak6g-container stk--no-background stk--no-padding\"><div class=\"stk-block-content stk-inner-blocks stk-tnmak6g-inner-blocks\">\r\n<div class=\"wp-block-stackable-text stk-block-text stk-block stk-p8kmqym\" data-block-id=\"p8kmqym\"><p class=\"stk-block-text__text has-text-align-center\"><span style=\"color: #000000;\" class=\"stk-highlight\"><strong>Treptele de granit pentru sc\u0103ri au fost \u00eentotdeauna considerate standardul de rezisten\u021b\u0103 \u0219i monumentalitate. Treptele vor servi la fel de lungi at\u00e2t \u00een \u200b\u200binteriorul c\u00e2t \u0219i \u00een exteriorul cl\u0103dirii.<\/strong><\/span><\/p><\/div>\r\n<\/div><\/div><\/div>\r\n\r\n\r\n\r\n<div class=\"wp-block-stackable-column stk-block-column stk-column stk-block stk-rrejpew\" data-v=\"4\" data-block-id=\"rrejpew\"><style>@media screen and (min-width:690px){.stk-rrejpew{flex:var(--stk-flex-grow,1) 1 calc(15% - var(--stk-column-gap,0px) * 2 \/ 3 ) !important}}<\/style><div class=\"stk-column-wrapper stk-block-column__content stk-container stk-rrejpew-container stk--no-background stk--no-padding\"><div class=\"stk-block-content stk-inner-blocks stk-rrejpew-inner-blocks\"><\/div><\/div><\/div>\r\n<\/div><\/div>\r\n\r\n\r\n\r\n<div class=\"wp-block-stackable-heading stk-block-heading stk-block-heading--v2 stk-block stk-m2437ev\" id=\"strong-strong-\u0433\u0440\u0430\u043d\u0438\u0442\u043d\u044b\u0435-\u0441\u0442\u0443\u043f\u0435\u043d\u0438-\u043f\u0440\u0435\u0438\u043c\u0443\u0449\u0435\u0441\u0442\u0432\u0430-strong-strong\" data-block-id=\"m2437ev\"><style>.stk-m2437ev .stk-block-heading__bottom-line{background-color:var(--theme-palette-color-1,#6f5740) !important;margin-right:auto !important}<\/style><h4 class=\"stk-block-heading__text has-text-align-left\"><strong><strong>Trepte de granit. Avantaje :<\/strong><\/strong><\/h4><div class=\"stk-block-heading__bottom-line\"><\/div><\/div>\r\n\r\n\r\n\r\n<div class=\"wp-block-stackable-columns stk-block-columns stk-block stk-wbqd7v6\" data-block-id=\"wbqd7v6\"><div class=\"stk-row stk-inner-blocks stk-block-content stk-content-align stk-wbqd7v6-column\">\r\n<div class=\"wp-block-stackable-column stk-block-column stk-column stk-block stk-y7rpozs\" data-v=\"4\" data-block-id=\"y7rpozs\"><div class=\"stk-column-wrapper stk-block-column__content stk-container stk-y7rpozs-container stk--no-background stk--no-padding\"><div class=\"has-text-align-left stk-block-content stk-inner-blocks stk-y7rpozs-inner-blocks\">\r\n<div class=\"wp-block-stackable-icon-list stk-block-icon-list stk-block stk-r3qas7d\" data-block-id=\"r3qas7d\"><style>.stk-r3qas7d{--stk-icon-list-marker-color:var(--theme-palette-color-1,#6f5740) !important}.stk-r3qas7d .stk-block-icon-list-item__content{margin-inline:0 auto !important}<\/style><svg style=\"display:none\"><defs><g id=\"stk-icon-list__icon-svg-def-r3qas7d\"><svg xmlns=\"http:\/\/www.w3.org\/2000\/svg\" viewBox=\"0 0 190 190\"><polygon points=\"173.8,28.4 60.4,141.8 15.7,97.2 5.1,107.8 60.4,163 184.4,39 173.8,28.4\"\/><\/svg><\/g><\/defs><\/svg><ul class=\"stk-block-icon-list__ul stk-block-icon-list--column\">\r\n<li class=\"wp-block-stackable-icon-list-item stk-block-icon-list-item stk-block stk-ur61u57\" data-block-id=\"ur61u57\"><div class=\"stk-block-icon-list-item__content\"><span class=\"stk--svg-wrapper\"><div class=\"stk--inner-svg\"><svg aria-hidden=\"true\" width=\"32\" height=\"32\"><use xlink:href=\"#stk-icon-list__icon-svg-def-r3qas7d\"><\/use><\/svg><\/div><\/span><span class=\"stk-block-icon-list-item__text\"><span style=\"color: #040404;\" class=\"stk-highlight\">Duritate \u0219i rezisten\u021b\u0103 ridicate. \u00cen ceea ce prive\u0219te ace\u0219ti indicatori, niciun alt material natural nu se poate compara cu granitul.<\/span><\/span><\/div><\/li>\r\n\r\n\r\n\r\n<li class=\"wp-block-stackable-icon-list-item stk-block-icon-list-item stk-block stk-8g04swi\" data-block-id=\"8g04swi\"><div class=\"stk-block-icon-list-item__content\"><span class=\"stk--svg-wrapper\"><div class=\"stk--inner-svg\"><svg aria-hidden=\"true\" width=\"32\" height=\"32\"><use xlink:href=\"#stk-icon-list__icon-svg-def-r3qas7d\"><\/use><\/svg><\/div><\/span><span class=\"stk-block-icon-list-item__text\"><span style=\"color: #000000;\" class=\"stk-highlight\">Rezistenta la abraziune. Produsul nu \u00ee\u0219i schimb\u0103 calit\u0103\u021bile externe nici dup\u0103 mul\u021bi ani de utilizare.<\/span><\/span><\/div><\/li>\r\n\r\n\r\n\r\n<li class=\"wp-block-stackable-icon-list-item stk-block-icon-list-item stk-block stk-a7mfe5u\" data-block-id=\"a7mfe5u\"><div class=\"stk-block-icon-list-item__content\"><span class=\"stk--svg-wrapper\"><div class=\"stk--inner-svg\"><svg aria-hidden=\"true\" width=\"32\" height=\"32\"><use xlink:href=\"#stk-icon-list__icon-svg-def-r3qas7d\"><\/use><\/svg><\/div><\/span><span class=\"stk-block-icon-list-item__text\"><span style=\"color: #000000;\" class=\"stk-highlight\">Rezistent la ap\u0103, temperaturi ridicate \u0219i sc\u0103zute. \u00cen Moldova, aceasta este o calitate deosebit de avantajoas\u0103 pentru sc\u0103rile amplasate \u00een exterior.<\/span><\/span><\/div><\/li>\r\n\r\n\r\n\r\n<li class=\"wp-block-stackable-icon-list-item stk-block-icon-list-item stk-block stk-4ilbtwp\" data-block-id=\"4ilbtwp\"><div class=\"stk-block-icon-list-item__content\"><span class=\"stk--svg-wrapper\"><div class=\"stk--inner-svg\"><svg aria-hidden=\"true\" width=\"32\" height=\"32\"><use xlink:href=\"#stk-icon-list__icon-svg-def-r3qas7d\"><\/use><\/svg><\/div><\/span><span class=\"stk-block-icon-list-item__text\"><span style=\"color: #000000;\" class=\"stk-highlight\">Nu necesit\u0103 \u00eengrijire special\u0103. Treptele f\u0103cute din aceast\u0103 roc\u0103 nu se cr\u0103p\u0103, nu se sf\u0103r\u00e2m\u0103 \u0219i nu necesit\u0103 \u0219lefuire sau lustruire periodic\u0103.<\/span><\/span><\/div><\/li>\r\n\r\n\r\n\r\n<li class=\"wp-block-stackable-icon-list-item stk-block-icon-list-item stk-block stk-7ubbfpg\" data-block-id=\"7ubbfpg\"><div class=\"stk-block-icon-list-item__content\"><span class=\"stk--svg-wrapper\"><div class=\"stk--inner-svg\"><svg aria-hidden=\"true\" width=\"32\" height=\"32\"><use xlink:href=\"#stk-icon-list__icon-svg-def-r3qas7d\"><\/use><\/svg><\/div><\/span><span class=\"stk-block-icon-list-item__text\"><span style=\"color: #000000;\" class=\"stk-highlight\">Atractivitate extern\u0103, varietate de solu\u021bii de culoare \u0219i texturi de piatr\u0103.<\/span><\/span><\/div><\/li>\r\n<\/ul><\/div>\r\n<\/div><\/div><\/div>\r\n<\/div><\/div>\r\n\r\n\r\n\r\n<div class=\"wp-block-stackable-columns stk-block-columns stk-block stk-t3o064r\" data-block-id=\"t3o064r\"><div class=\"stk-row stk-inner-blocks stk-block-content stk-content-align stk-t3o064r-column\">\r\n<div class=\"wp-block-stackable-column stk-block-column stk-column stk-block stk-aul1m4f\" data-v=\"4\" data-block-id=\"aul1m4f\"><div class=\"stk-column-wrapper stk-block-column__content stk-container stk-aul1m4f-container stk--no-background stk--no-padding\"><div class=\"stk-block-content stk-inner-blocks stk-aul1m4f-inner-blocks\">\r\n<div class=\"wp-block-stackable-text stk-block-text stk-block stk-thve3w0\" data-block-id=\"thve3w0\"><style>.stk-thve3w0{margin-bottom:10px !important}<\/style><p class=\"stk-block-text__text has-text-align-left\"><span style=\"color: #000000;\" class=\"stk-highlight\">Granitul este o piatr\u0103 frumoas\u0103 cu un model natural unic care nu se repet\u0103 pe diferite pl\u0103ci. Acest lucru v\u0103 permite s\u0103 crea\u021bi pa\u0219i exclusivi din ea, fiecare banda de rulare din ei va fi unic\u0103. Astfel de produse sunt cea mai bun\u0103 op\u021biune pentru sc\u0103ri din hoteluri, hanuri, birouri, b\u0103nci, case de \u021bar\u0103.<\/span><\/p><\/div>\r\n\r\n\r\n\r\n<div class=\"wp-block-stackable-text stk-block-text stk-block stk-n673hqz\" data-block-id=\"n673hqz\"><p class=\"stk-block-text__text\"><span style=\"color: var(--theme-palette-color-4, #020404);\" class=\"stk-highlight\">Treptele pentru scarile din granit pot fi solide sau suprapuse. Cele solide sunt produse monolitice care pot rezista la sarcini mecanice de orice grad. Ele sunt utilizate \u00een mod obi\u0219nuit pentru a crea pridvoruri \u0219i sc\u0103ri de piatr\u0103 cu balustrade. Suprapunerile sunt pl\u0103ci care sunt a\u0219ezate pe o suprafa\u021b\u0103 din alt material, de obicei beton. Ele confer\u0103 sc\u0103rilor un aspect frumos \u0219i le \u00eembun\u0103t\u0103\u021besc propriet\u0103\u021bile fizice, dar sunt cel mai des folosite \u00een interior.<\/span><\/p><\/div>\r\n<\/div><\/div><\/div>\r\n<\/div><\/div>\r\n\r\n\r\n\r\n<div class=\"wp-block-stackable-heading stk-block-heading stk-block-heading--v2 stk-block stk-ria6n5p\" id=\"strong-strong-strong-\u0437\u0430\u043a\u0430\u0437\u0430\u0442\u044c-\u0441\u0442\u0443\u043f\u0435\u043d\u0438-\u0438\u0437-\u0433\u0440\u0430\u043d\u0438\u0442\u0430-\u0432-\u0431\u0435\u043b\u044c\u0446\u0430\u0445-strong-strong-strong\" data-block-id=\"ria6n5p\"><style>.stk-ria6n5p .stk-block-heading__bottom-line{background-color:var(--theme-palette-color-1,#6f5740) !important;margin-right:auto !important}<\/style><h4 class=\"stk-block-heading__text has-text-align-left\"><strong><strong><strong>Comanda trepte de granit la B\u0103l\u021bi<\/strong><\/strong><\/strong><\/h4><div class=\"stk-block-heading__bottom-line\"><\/div><\/div>\r\n\r\n\r\n\r\n<p><span style=\"color: var(--theme-palette-color-4, #020404);\" class=\"stk-highlight\">Poti comanda trepte din piatra naturala in Balti de orice forma, dimensiune, culoare si textura dorita. Me\u0219terii companiei noastre produc elemente de scar\u0103 de \u00eenalt\u0103 calitate, respect\u00e2nd toate cerin\u021bele tehnologice. V\u0103 vom ajuta s\u0103 alege\u021bi cel mai potrivit tip \u0219i culoarea materialului, s\u0103 face\u021bi calculele adecvate \u0219i, de asemenea, s\u0103 v\u0103 oferim instalarea de \u00eenalt\u0103 calitate a produsului la fa\u021ba locului.<\/span><\/p>\r\n\r\n\r\n\r\n<p><span style=\"color: #000000;\" class=\"stk-highlight\">Compania \u201eGRANIT &#8211; STONE\u201d nu este un intermediar, ci un produc\u0103tor direct de produse din piatr\u0103. Pretul pentru treptele din granit este minim. Lucr\u0103m c\u00e2t mai repede posibil, deoarece avem o baz\u0103 de produc\u021bie modern\u0103. Livram produse finite in Moldova.<\/span><\/p>","protected":false},"excerpt":{"rendered":"<p>Trepte de granit \u00een B\u0103l\u021bi Treptele de granit pentru sc\u0103ri au fost \u00eentotdeauna considerate standardul de rezisten\u021b\u0103 \u0219i monumentalitate. Treptele vor servi la fel de lungi at\u00e2t \u00een \u200b\u200binteriorul c\u00e2t \u0219i \u00een exteriorul cl\u0103dirii. Trepte de granit. Avantaje : Granitul este o piatr\u0103 frumoas\u0103 cu un model natural unic care nu se repet\u0103 pe diferite [&hellip;]<\/p>\n","protected":false},"author":1,"featured_media":0,"parent":0,"menu_order":0,"comment_status":"closed","ping_status":"closed","template":"","meta":{"footnotes":""},"class_list":["post-7013","page","type-page","status-publish","hentry"],"blocksy_meta":{"page_structure_type":"type-4","styles_descriptor":{"styles":{"desktop":"","tablet":"","mobile":""},"google_fonts":[],"version":6}},"yoast_head":"<!-- This site is optimized with the Yoast SEO plugin v27.4 - https:\/\/yoast.com\/product\/yoast-seo-wordpress\/ -->\n<title>Trepte de granit - GRANIT-STONE<\/title>\n<meta name=\"robots\" content=\"index, follow, max-snippet:-1, max-image-preview:large, max-video-preview:-1\" \/>\n<link rel=\"canonical\" href=\"https:\/\/granit-stone.md\/granitnye-stupeni\/\" \/>\n<meta property=\"og:locale\" content=\"ro_RO\" \/>\n<meta property=\"og:type\" content=\"article\" \/>\n<meta property=\"og:title\" content=\"[:ru]\u0413\u0440\u0430\u043d\u0438\u0442\u043d\u044b\u0435 \u0441\u0442\u0443\u043f\u0435\u043d\u0438[:ro]Trepte de granit[:] - GRANIT-STONE\" \/>\n<meta property=\"og:description\" content=\"Trepte de granit \u00een B\u0103l\u021bi Treptele de granit pentru sc\u0103ri au fost \u00eentotdeauna considerate standardul de rezisten\u021b\u0103 \u0219i monumentalitate. Treptele vor servi la fel de lungi at\u00e2t \u00een \u200b\u200binteriorul c\u00e2t \u0219i \u00een exteriorul cl\u0103dirii. Trepte de granit. Avantaje : Granitul este o piatr\u0103 frumoas\u0103 cu un model natural unic care nu se repet\u0103 pe diferite [&hellip;]\" \/>\n<meta property=\"og:url\" content=\"https:\/\/granit-stone.md\/granitnye-stupeni\/\" \/>\n<meta property=\"og:site_name\" content=\"GRANIT-STONE\" \/>\n<meta property=\"article:modified_time\" content=\"2025-02-01T12:02:10+00:00\" \/>\n<meta name=\"twitter:card\" content=\"summary_large_image\" \/>\n<meta name=\"twitter:label1\" content=\"Timp estimat pentru citire\" \/>\n\t<meta name=\"twitter:data1\" content=\"4 minute\" \/>\n<script type=\"application\/ld+json\" class=\"yoast-schema-graph\">{\"@context\":\"https:\\\/\\\/schema.org\",\"@graph\":[{\"@type\":\"WebPage\",\"@id\":\"https:\\\/\\\/granit-stone.md\\\/granitnye-stupeni\\\/\",\"url\":\"https:\\\/\\\/granit-stone.md\\\/granitnye-stupeni\\\/\",\"name\":\"[:ru]\u0413\u0440\u0430\u043d\u0438\u0442\u043d\u044b\u0435 \u0441\u0442\u0443\u043f\u0435\u043d\u0438[:ro]Trepte de granit[:] - GRANIT-STONE\",\"isPartOf\":{\"@id\":\"https:\\\/\\\/granit-stone.md\\\/#website\"},\"datePublished\":\"2024-04-29T12:08:06+00:00\",\"dateModified\":\"2025-02-01T12:02:10+00:00\",\"breadcrumb\":{\"@id\":\"https:\\\/\\\/granit-stone.md\\\/granitnye-stupeni\\\/#breadcrumb\"},\"inLanguage\":\"ro-RO\",\"potentialAction\":[{\"@type\":\"ReadAction\",\"target\":[\"https:\\\/\\\/granit-stone.md\\\/granitnye-stupeni\\\/\"]}]},{\"@type\":\"BreadcrumbList\",\"@id\":\"https:\\\/\\\/granit-stone.md\\\/granitnye-stupeni\\\/#breadcrumb\",\"itemListElement\":[{\"@type\":\"ListItem\",\"position\":1,\"name\":\"\u0413\u043b\u0430\u0432\u043d\u0430\u044f \u0441\u0442\u0440\u0430\u043d\u0438\u0446\u0430\",\"item\":\"https:\\\/\\\/granit-stone.md\\\/\"},{\"@type\":\"ListItem\",\"position\":2,\"name\":\"\u0413\u0440\u0430\u043d\u0438\u0442\u043d\u044b\u0435 \u0441\u0442\u0443\u043f\u0435\u043d\u0438\"}]},{\"@type\":\"WebSite\",\"@id\":\"https:\\\/\\\/granit-stone.md\\\/#website\",\"url\":\"https:\\\/\\\/granit-stone.md\\\/\",\"name\":\"GRANIT-STONE\",\"description\":\"\u0418\u0437\u0433\u043e\u0442\u043e\u0432\u043b\u0435\u043d\u0438\u0435 \u0438 \u041c\u043e\u043d\u0442\u0430\u0436 \u0418\u0437\u0434\u0435\u043b\u0438\u0439 \u0438\u0437 \u041d\u0430\u0442\u0443\u0440\u0430\u043b\u044c\u043d\u043e\u0433\u043e \u041a\u0430\u043c\u043d\u044f\",\"publisher\":{\"@id\":\"https:\\\/\\\/granit-stone.md\\\/#organization\"},\"potentialAction\":[{\"@type\":\"SearchAction\",\"target\":{\"@type\":\"EntryPoint\",\"urlTemplate\":\"https:\\\/\\\/granit-stone.md\\\/?s={search_term_string}\"},\"query-input\":{\"@type\":\"PropertyValueSpecification\",\"valueRequired\":true,\"valueName\":\"search_term_string\"}}],\"inLanguage\":\"ro-RO\"},{\"@type\":\"Organization\",\"@id\":\"https:\\\/\\\/granit-stone.md\\\/#organization\",\"name\":\"GRANIT-STONE\",\"url\":\"https:\\\/\\\/granit-stone.md\\\/\",\"logo\":{\"@type\":\"ImageObject\",\"inLanguage\":\"ro-RO\",\"@id\":\"https:\\\/\\\/granit-stone.md\\\/#\\\/schema\\\/logo\\\/image\\\/\",\"url\":\"https:\\\/\\\/granit-stone.md\\\/wp-content\\\/uploads\\\/2024\\\/05\\\/logo_black.png\",\"contentUrl\":\"https:\\\/\\\/granit-stone.md\\\/wp-content\\\/uploads\\\/2024\\\/05\\\/logo_black.png\",\"width\":738,\"height\":360,\"caption\":\"GRANIT-STONE\"},\"image\":{\"@id\":\"https:\\\/\\\/granit-stone.md\\\/#\\\/schema\\\/logo\\\/image\\\/\"}}]}<\/script>\n<!-- \/ Yoast SEO plugin. -->","yoast_head_json":{"title":"[:ru]\u0413\u0440\u0430\u043d\u0438\u0442\u043d\u044b\u0435 \u0441\u0442\u0443\u043f\u0435\u043d\u0438[:ro]Trepte de granit[:] - GRANIT-STONE","robots":{"index":"index","follow":"follow","max-snippet":"max-snippet:-1","max-image-preview":"max-image-preview:large","max-video-preview":"max-video-preview:-1"},"canonical":"https:\/\/granit-stone.md\/granitnye-stupeni\/","og_locale":"ro_RO","og_type":"article","og_title":"[:ru]\u0413\u0440\u0430\u043d\u0438\u0442\u043d\u044b\u0435 \u0441\u0442\u0443\u043f\u0435\u043d\u0438[:ro]Trepte de granit[:] - GRANIT-STONE","og_description":"Trepte de granit \u00een B\u0103l\u021bi Treptele de granit pentru sc\u0103ri au fost \u00eentotdeauna considerate standardul de rezisten\u021b\u0103 \u0219i monumentalitate. Treptele vor servi la fel de lungi at\u00e2t \u00een \u200b\u200binteriorul c\u00e2t \u0219i \u00een exteriorul cl\u0103dirii. Trepte de granit. Avantaje : Granitul este o piatr\u0103 frumoas\u0103 cu un model natural unic care nu se repet\u0103 pe diferite [&hellip;]","og_url":"https:\/\/granit-stone.md\/granitnye-stupeni\/","og_site_name":"GRANIT-STONE","article_modified_time":"2025-02-01T12:02:10+00:00","twitter_card":"summary_large_image","twitter_misc":{"Timp estimat pentru citire":"4 minute"},"schema":{"@context":"https:\/\/schema.org","@graph":[{"@type":"WebPage","@id":"https:\/\/granit-stone.md\/granitnye-stupeni\/","url":"https:\/\/granit-stone.md\/granitnye-stupeni\/","name":"[:ru]\u0413\u0440\u0430\u043d\u0438\u0442\u043d\u044b\u0435 \u0441\u0442\u0443\u043f\u0435\u043d\u0438[:ro]Trepte de granit[:] - GRANIT-STONE","isPartOf":{"@id":"https:\/\/granit-stone.md\/#website"},"datePublished":"2024-04-29T12:08:06+00:00","dateModified":"2025-02-01T12:02:10+00:00","breadcrumb":{"@id":"https:\/\/granit-stone.md\/granitnye-stupeni\/#breadcrumb"},"inLanguage":"ro-RO","potentialAction":[{"@type":"ReadAction","target":["https:\/\/granit-stone.md\/granitnye-stupeni\/"]}]},{"@type":"BreadcrumbList","@id":"https:\/\/granit-stone.md\/granitnye-stupeni\/#breadcrumb","itemListElement":[{"@type":"ListItem","position":1,"name":"\u0413\u043b\u0430\u0432\u043d\u0430\u044f \u0441\u0442\u0440\u0430\u043d\u0438\u0446\u0430","item":"https:\/\/granit-stone.md\/"},{"@type":"ListItem","position":2,"name":"\u0413\u0440\u0430\u043d\u0438\u0442\u043d\u044b\u0435 \u0441\u0442\u0443\u043f\u0435\u043d\u0438"}]},{"@type":"WebSite","@id":"https:\/\/granit-stone.md\/#website","url":"https:\/\/granit-stone.md\/","name":"GRANIT-STONE","description":"\u0418\u0437\u0433\u043e\u0442\u043e\u0432\u043b\u0435\u043d\u0438\u0435 \u0438 \u041c\u043e\u043d\u0442\u0430\u0436 \u0418\u0437\u0434\u0435\u043b\u0438\u0439 \u0438\u0437 \u041d\u0430\u0442\u0443\u0440\u0430\u043b\u044c\u043d\u043e\u0433\u043e \u041a\u0430\u043c\u043d\u044f","publisher":{"@id":"https:\/\/granit-stone.md\/#organization"},"potentialAction":[{"@type":"SearchAction","target":{"@type":"EntryPoint","urlTemplate":"https:\/\/granit-stone.md\/?s={search_term_string}"},"query-input":{"@type":"PropertyValueSpecification","valueRequired":true,"valueName":"search_term_string"}}],"inLanguage":"ro-RO"},{"@type":"Organization","@id":"https:\/\/granit-stone.md\/#organization","name":"GRANIT-STONE","url":"https:\/\/granit-stone.md\/","logo":{"@type":"ImageObject","inLanguage":"ro-RO","@id":"https:\/\/granit-stone.md\/#\/schema\/logo\/image\/","url":"https:\/\/granit-stone.md\/wp-content\/uploads\/2024\/05\/logo_black.png","contentUrl":"https:\/\/granit-stone.md\/wp-content\/uploads\/2024\/05\/logo_black.png","width":738,"height":360,"caption":"GRANIT-STONE"},"image":{"@id":"https:\/\/granit-stone.md\/#\/schema\/logo\/image\/"}}]}},"_links":{"self":[{"href":"https:\/\/granit-stone.md\/ro\/wp-json\/wp\/v2\/pages\/7013","targetHints":{"allow":["GET"]}}],"collection":[{"href":"https:\/\/granit-stone.md\/ro\/wp-json\/wp\/v2\/pages"}],"about":[{"href":"https:\/\/granit-stone.md\/ro\/wp-json\/wp\/v2\/types\/page"}],"author":[{"embeddable":true,"href":"https:\/\/granit-stone.md\/ro\/wp-json\/wp\/v2\/users\/1"}],"replies":[{"embeddable":true,"href":"https:\/\/granit-stone.md\/ro\/wp-json\/wp\/v2\/comments?post=7013"}],"version-history":[{"count":36,"href":"https:\/\/granit-stone.md\/ro\/wp-json\/wp\/v2\/pages\/7013\/revisions"}],"predecessor-version":[{"id":7269,"href":"https:\/\/granit-stone.md\/ro\/wp-json\/wp\/v2\/pages\/7013\/revisions\/7269"}],"wp:attachment":[{"href":"https:\/\/granit-stone.md\/ro\/wp-json\/wp\/v2\/media?parent=7013"}],"curies":[{"name":"wp","href":"https:\/\/api.w.org\/{rel}","templated":true}]}}